{"id":19,"date":"2023-08-13T11:37:29","date_gmt":"2023-08-13T14:37:29","guid":{"rendered":"https:\/\/ambienteprovisorio.com.br\/vidaexames\/?page_id=19"},"modified":"2025-08-21T09:50:26","modified_gmt":"2025-08-21T12:50:26","slug":"quem-somos","status":"publish","type":"page","link":"https:\/\/vidaexames.com.br\/es\/quem-somos\/","title":{"rendered":"Quem somos"},"content":{"rendered":"<div data-elementor-type=\"wp-page\" data-elementor-id=\"19\" class=\"elementor elementor-19\" data-elementor-post-type=\"page\">\n\t\t\t\t<div class=\"elementor-element elementor-element-c5d0db3 e-con-full e-flex e-con e-parent\" data-id=\"c5d0db3\" data-element_type=\"container\" data-e-type=\"container\" data-settings=\"{&quot;background_background&quot;:&quot;classic&quot;}\">\n\t\t\t\t<\/div>\n\t\t<div class=\"elementor-element elementor-element-e357e14 e-con-full e-flex e-con e-parent\" data-id=\"e357e14\" data-element_type=\"container\" data-e-type=\"container\">\n\t\t\t\t<div class=\"elementor-element elementor-element-8233b4e elementor-widget__width-auto elementor-widget elementor-widget-heading\" data-id=\"8233b4e\" data-element_type=\"widget\" data-e-type=\"widget\" data-widget_type=\"heading.default\">\n\t\t\t\t<div class=\"elementor-widget-container\">\n\t\t\t\t\t<h2 class=\"elementor-heading-title elementor-size-default\">Quem somos<\/h2>\t\t\t\t<\/div>\n\t\t\t\t<\/div>\n\t\t\t\t<div class=\"elementor-element elementor-element-061eac8 elementor-widget elementor-widget-heading\" data-id=\"061eac8\" data-element_type=\"widget\" data-e-type=\"widget\" data-widget_type=\"heading.default\">\n\t\t\t\t<div class=\"elementor-widget-container\">\n\t\t\t\t\t<h1 class=\"elementor-heading-title elementor-size-default\">Vida Exames Laborat\u00f3rio<\/h1>\t\t\t\t<\/div>\n\t\t\t\t<\/div>\n\t\t\t\t<div class=\"elementor-element elementor-element-1460892 elementor-widget elementor-widget-text-editor\" data-id=\"1460892\" data-element_type=\"widget\" data-e-type=\"widget\" data-widget_type=\"text-editor.default\">\n\t\t\t\t<div class=\"elementor-widget-container\">\n\t\t\t\t\t\t\t\t\t<p>A Vida Exames Laborat\u00f3rio \u00e9 uma refer\u00eancia em sa\u00fade, dedicada a fornecer servi\u00e7os de excel\u00eancia em an\u00e1lises laboratoriais e imuniza\u00e7\u00f5es. Contamos com uma equipe de profissionais altamente capacitados e tecnologia de ponta para garantir resultados precisos e confi\u00e1veis.<\/p>\t\t\t\t\t\t\t\t<\/div>\n\t\t\t\t<\/div>\n\t\t\t\t<\/div>\n\t\t<div class=\"elementor-element elementor-element-b40027c e-con-full e-flex e-con e-parent\" data-id=\"b40027c\" data-element_type=\"container\" data-e-type=\"container\" data-settings=\"{&quot;background_background&quot;:&quot;classic&quot;}\">\n\t\t\t\t<div class=\"elementor-element elementor-element-5bc4a60 elementor-view-stacked elementor-hidden-desktop elementor-hidden-tablet elementor-hidden-mobile elementor-shape-circle elementor-widget elementor-widget-icon\" data-id=\"5bc4a60\" data-element_type=\"widget\" data-e-type=\"widget\" data-widget_type=\"icon.default\">\n\t\t\t\t<div class=\"elementor-widget-container\">\n\t\t\t\t\t\t\t<div class=\"elementor-icon-wrapper\">\n\t\t\t<div class=\"elementor-icon elementor-animation-grow\">\n\t\t\t<svg aria-hidden=\"true\" class=\"e-font-icon-svg e-fas-play\" viewbox=\"0 0 448 512\" xmlns=\"http:\/\/www.w3.org\/2000\/svg\"><path d=\"M424.4 214.7L72.4 6.6C43.8-10.3 0 6.1 0 47.9V464c0 37.5 40.7 60.1 72.4 41.3l352-208c31.4-18.5 31.5-64.1 0-82.6z\"><\/path><\/svg>\t\t\t<\/div>\n\t\t<\/div>\n\t\t\t\t\t\t<\/div>\n\t\t\t\t<\/div>\n\t\t\t\t<\/div>\n\t\t<div class=\"elementor-element elementor-element-62377ee e-flex e-con-boxed e-con e-parent\" data-id=\"62377ee\" data-element_type=\"container\" data-e-type=\"container\" data-settings=\"{&quot;background_background&quot;:&quot;gradient&quot;}\">\n\t\t\t\t\t<div class=\"e-con-inner\">\n\t\t<div class=\"elementor-element elementor-element-c1945a3 e-con-full e-flex e-con e-child\" data-id=\"c1945a3\" data-element_type=\"container\" data-e-type=\"container\">\n\t\t\t\t<div class=\"elementor-element elementor-element-bb94abb elementor-widget elementor-widget-image\" data-id=\"bb94abb\" data-element_type=\"widget\" data-e-type=\"widget\" data-widget_type=\"image.default\">\n\t\t\t\t<div class=\"elementor-widget-container\">\n\t\t\t\t\t\t\t\t\t\t\t\t\t\t\t<img fetchpriority=\"high\" decoding=\"async\" width=\"800\" height=\"534\" src=\"https:\/\/vidaexames.com.br\/wp-content\/uploads\/2023\/08\/doctor-laboratory-analyzes-samples-codiv-microscope-1024x683.jpg\" class=\"attachment-large size-large wp-image-389\" alt=\"\" srcset=\"https:\/\/vidaexames.com.br\/wp-content\/uploads\/2023\/08\/doctor-laboratory-analyzes-samples-codiv-microscope-1024x683.jpg 1024w, https:\/\/vidaexames.com.br\/wp-content\/uploads\/2023\/08\/doctor-laboratory-analyzes-samples-codiv-microscope-300x200.jpg 300w, https:\/\/vidaexames.com.br\/wp-content\/uploads\/2023\/08\/doctor-laboratory-analyzes-samples-codiv-microscope-768x513.jpg 768w, https:\/\/vidaexames.com.br\/wp-content\/uploads\/2023\/08\/doctor-laboratory-analyzes-samples-codiv-microscope.jpg 1500w\" sizes=\"(max-width: 800px) 100vw, 800px\" \/>\t\t\t\t\t\t\t\t\t\t\t\t\t\t\t<\/div>\n\t\t\t\t<\/div>\n\t\t\t\t<div class=\"elementor-element elementor-element-ea3d8e5 elementor-widget__width-initial elementor-widget elementor-widget-image\" data-id=\"ea3d8e5\" data-element_type=\"widget\" data-e-type=\"widget\" data-widget_type=\"image.default\">\n\t\t\t\t<div class=\"elementor-widget-container\">\n\t\t\t\t\t\t\t\t\t\t\t\t\t\t\t<img decoding=\"async\" width=\"800\" height=\"513\" src=\"https:\/\/vidaexames.com.br\/wp-content\/uploads\/2023\/08\/medical-science-laboratory-concept-virus-bacteria-research-1024x657.jpg\" class=\"attachment-large size-large wp-image-392\" alt=\"\" srcset=\"https:\/\/vidaexames.com.br\/wp-content\/uploads\/2023\/08\/medical-science-laboratory-concept-virus-bacteria-research-1024x657.jpg 1024w, https:\/\/vidaexames.com.br\/wp-content\/uploads\/2023\/08\/medical-science-laboratory-concept-virus-bacteria-research-300x192.jpg 300w, https:\/\/vidaexames.com.br\/wp-content\/uploads\/2023\/08\/medical-science-laboratory-concept-virus-bacteria-research-768x493.jpg 768w, https:\/\/vidaexames.com.br\/wp-content\/uploads\/2023\/08\/medical-science-laboratory-concept-virus-bacteria-research.jpg 1500w\" sizes=\"(max-width: 800px) 100vw, 800px\" \/>\t\t\t\t\t\t\t\t\t\t\t\t\t\t\t<\/div>\n\t\t\t\t<\/div>\n\t\t\t\t<div class=\"elementor-element elementor-element-98756de elementor-widget__width-initial elementor-widget elementor-widget-image\" data-id=\"98756de\" data-element_type=\"widget\" data-e-type=\"widget\" data-widget_type=\"image.default\">\n\t\t\t\t<div class=\"elementor-widget-container\">\n\t\t\t\t\t\t\t\t\t\t\t\t\t\t\t<img decoding=\"async\" width=\"800\" height=\"534\" src=\"https:\/\/vidaexames.com.br\/wp-content\/uploads\/2023\/08\/medical-science-laboratory-concept-virus-bacteria-research-1-1024x683.jpg\" class=\"attachment-large size-large wp-image-391\" alt=\"\" srcset=\"https:\/\/vidaexames.com.br\/wp-content\/uploads\/2023\/08\/medical-science-laboratory-concept-virus-bacteria-research-1-1024x683.jpg 1024w, https:\/\/vidaexames.com.br\/wp-content\/uploads\/2023\/08\/medical-science-laboratory-concept-virus-bacteria-research-1-300x200.jpg 300w, https:\/\/vidaexames.com.br\/wp-content\/uploads\/2023\/08\/medical-science-laboratory-concept-virus-bacteria-research-1-768x513.jpg 768w, https:\/\/vidaexames.com.br\/wp-content\/uploads\/2023\/08\/medical-science-laboratory-concept-virus-bacteria-research-1.jpg 1500w\" sizes=\"(max-width: 800px) 100vw, 800px\" \/>\t\t\t\t\t\t\t\t\t\t\t\t\t\t\t<\/div>\n\t\t\t\t<\/div>\n\t\t\t\t<\/div>\n\t\t<div class=\"elementor-element elementor-element-8f93845 e-con-full e-flex e-con e-child\" data-id=\"8f93845\" data-element_type=\"container\" data-e-type=\"container\">\n\t\t\t\t<div class=\"elementor-element elementor-element-bd86cc0 elementor-widget__width-auto elementor-widget elementor-widget-heading\" data-id=\"bd86cc0\" data-element_type=\"widget\" data-e-type=\"widget\" data-widget_type=\"heading.default\">\n\t\t\t\t<div class=\"elementor-widget-container\">\n\t\t\t\t\t<h2 class=\"elementor-heading-title elementor-size-default\">Qualidade<\/h2>\t\t\t\t<\/div>\n\t\t\t\t<\/div>\n\t\t\t\t<div class=\"elementor-element elementor-element-5f4a594 elementor-widget elementor-widget-heading\" data-id=\"5f4a594\" data-element_type=\"widget\" data-e-type=\"widget\" data-widget_type=\"heading.default\">\n\t\t\t\t<div class=\"elementor-widget-container\">\n\t\t\t\t\t<h2 class=\"elementor-heading-title elementor-size-default\">A melhor tecnologia do mercado em exames<\/h2>\t\t\t\t<\/div>\n\t\t\t\t<\/div>\n\t\t\t\t<div class=\"elementor-element elementor-element-b9d743a elementor-widget elementor-widget-text-editor\" data-id=\"b9d743a\" data-element_type=\"widget\" data-e-type=\"widget\" data-widget_type=\"text-editor.default\">\n\t\t\t\t<div class=\"elementor-widget-container\">\n\t\t\t\t\t\t\t\t\t<p>Nosso compromisso \u00e9 com a qualidade no atendimento e a seguran\u00e7a dos nossos pacientes. Oferecemos uma ampla gama de exames, sempre com foco na preven\u00e7\u00e3o e promo\u00e7\u00e3o da sa\u00fade. Buscamos continuamente aprimorar nossos servi\u00e7os, integrando inova\u00e7\u00e3o e humaniza\u00e7\u00e3o no cuidado ao paciente.<\/p><p>Estamos aqui para apoiar a sa\u00fade da comunidade, promovendo a conscientiza\u00e7\u00e3o sobre a import\u00e2ncia de exames regulares. Na Vida Exames, a sua sa\u00fade \u00e9 a nossa prioridade.<\/p>\t\t\t\t\t\t\t\t<\/div>\n\t\t\t\t<\/div>\n\t\t\t\t<\/div>\n\t\t\t\t\t<\/div>\n\t\t\t\t<\/div>\n\t\t<div class=\"elementor-element elementor-element-aef8ec1 e-con-full e-flex e-con e-parent\" data-id=\"aef8ec1\" data-element_type=\"container\" data-e-type=\"container\">\n\t\t<div class=\"elementor-element elementor-element-287f987 e-con-full e-flex e-con e-child\" data-id=\"287f987\" data-element_type=\"container\" data-e-type=\"container\" data-settings=\"{&quot;background_background&quot;:&quot;classic&quot;}\">\n\t\t<div class=\"elementor-element elementor-element-5bf2fdb e-con-full e-flex e-con e-child\" data-id=\"5bf2fdb\" data-element_type=\"container\" data-e-type=\"container\" data-settings=\"{&quot;background_background&quot;:&quot;classic&quot;}\">\n\t\t\t\t<\/div>\n\t\t<div class=\"elementor-element elementor-element-bcba079 e-con-full e-flex e-con e-child\" data-id=\"bcba079\" data-element_type=\"container\" data-e-type=\"container\">\n\t\t\t\t<div class=\"elementor-element elementor-element-3b9433b elementor-widget elementor-widget-heading\" data-id=\"3b9433b\" data-element_type=\"widget\" data-e-type=\"widget\" data-widget_type=\"heading.default\">\n\t\t\t\t<div class=\"elementor-widget-container\">\n\t\t\t\t\t<h2 class=\"elementor-heading-title elementor-size-default\">\u00a1Descarga la app y obt\u00e9n descuentos!<\/h2>\t\t\t\t<\/div>\n\t\t\t\t<\/div>\n\t\t\t\t<div class=\"elementor-element elementor-element-6840ffd elementor-widget elementor-widget-heading\" data-id=\"6840ffd\" data-element_type=\"widget\" data-e-type=\"widget\" data-widget_type=\"heading.default\">\n\t\t\t\t<div class=\"elementor-widget-container\">\n\t\t\t\t\t<h2 class=\"elementor-heading-title elementor-size-default\">Al\u00e9m de descontos, agilidade no pagamento, acompanhamento do hist\u00f3rico de seus exames e ainda receba notifica\u00e7\u00f5es sobre sa\u00fade e bem-estar.<\/h2>\t\t\t\t<\/div>\n\t\t\t\t<\/div>\n\t\t\t\t<div class=\"elementor-element elementor-element-be296dd elementor-widget elementor-widget-heading\" data-id=\"be296dd\" data-element_type=\"widget\" data-e-type=\"widget\" data-widget_type=\"heading.default\">\n\t\t\t\t<div class=\"elementor-widget-container\">\n\t\t\t\t\t<h2 class=\"elementor-heading-title elementor-size-default\">\u00a1Haz clic y desc\u00e1rgalo ahora!<\/h2>\t\t\t\t<\/div>\n\t\t\t\t<\/div>\n\t\t<div class=\"elementor-element elementor-element-58f0531 e-con-full e-flex e-con e-child\" data-id=\"58f0531\" data-element_type=\"container\" data-e-type=\"container\">\n\t\t\t\t<div class=\"elementor-element elementor-element-a4bdca8 elementor-widget elementor-widget-image\" data-id=\"a4bdca8\" data-element_type=\"widget\" data-e-type=\"widget\" data-widget_type=\"image.default\">\n\t\t\t\t<div class=\"elementor-widget-container\">\n\t\t\t\t\t\t\t\t\t\t\t\t\t\t\t\t<a href=\"https:\/\/play.google.com\/store\/games?hl=pt_BR&#038;pli=1\" target=\"_blank\">\n\t\t\t\t\t\t\t<img loading=\"lazy\" decoding=\"async\" width=\"800\" height=\"800\" src=\"https:\/\/vidaexames.com.br\/wp-content\/uploads\/2023\/08\/google-play.svg\" class=\"elementor-animation-grow attachment-large size-large wp-image-291\" alt=\"\" \/>\t\t\t\t\t\t\t\t<\/a>\n\t\t\t\t\t\t\t\t\t\t\t\t\t\t\t<\/div>\n\t\t\t\t<\/div>\n\t\t\t\t<div class=\"elementor-element elementor-element-c632567 elementor-widget elementor-widget-image\" data-id=\"c632567\" data-element_type=\"widget\" data-e-type=\"widget\" data-widget_type=\"image.default\">\n\t\t\t\t<div class=\"elementor-widget-container\">\n\t\t\t\t\t\t\t\t\t\t\t\t\t\t\t\t<a href=\"https:\/\/www.apple.com\/br\/app-store\/\" target=\"_blank\">\n\t\t\t\t\t\t\t<img loading=\"lazy\" decoding=\"async\" width=\"800\" height=\"800\" src=\"https:\/\/vidaexames.com.br\/wp-content\/uploads\/2023\/08\/app-store.svg\" class=\"elementor-animation-grow attachment-large size-large wp-image-290\" alt=\"\" \/>\t\t\t\t\t\t\t\t<\/a>\n\t\t\t\t\t\t\t\t\t\t\t\t\t\t\t<\/div>\n\t\t\t\t<\/div>\n\t\t\t\t<\/div>\n\t\t\t\t<\/div>\n\t\t\t\t<\/div>\n\t\t\t\t<\/div>\n\t\t\t\t<\/div>","protected":false},"excerpt":{"rendered":"<p>Quem somos Vida Exames Laborat\u00f3rio A Vida Exames Laborat\u00f3rio \u00e9 uma refer\u00eancia em sa\u00fade, dedicada a fornecer servi\u00e7os de excel\u00eancia em an\u00e1lises laboratoriais e imuniza\u00e7\u00f5es. Contamos com uma equipe de profissionais altamente capacitados e tecnologia de ponta para garantir resultados precisos e confi\u00e1veis. Qualidade A melhor tecnologia do mercado em exames Nosso compromisso \u00e9 com [&hellip;]<\/p>\n","protected":false},"author":1,"featured_media":0,"parent":0,"menu_order":0,"comment_status":"closed","ping_status":"closed","template":"elementor_header_footer","meta":{"inline_featured_image":false,"footnotes":""},"class_list":["post-19","page","type-page","status-publish","hentry"],"yoast_head":"<!-- This site is optimized with the Yoast SEO plugin v26.8 - https:\/\/yoast.com\/product\/yoast-seo-wordpress\/ -->\n<title>Quem somos | Vida Exames Laborat\u00f3rio de Exames e Vacinas<\/title>\n<meta name=\"description\" content=\"Acreditamos que todos merecem um atendimento de qualidade e com pre\u00e7o que cabe no seu bolso! Fale conosco (43) 9608-7673.\" \/>\n<meta name=\"robots\" content=\"index, follow, max-snippet:-1, max-image-preview:large, max-video-preview:-1\" \/>\n<link rel=\"canonical\" href=\"https:\/\/vidaexames.com.br\/es\/quem-somos\/\" \/>\n<meta property=\"og:locale\" content=\"es_ES\" \/>\n<meta property=\"og:type\" content=\"article\" \/>\n<meta property=\"og:title\" content=\"Quem somos | Vida Exames Laborat\u00f3rio de Exames e Vacinas\" \/>\n<meta property=\"og:description\" content=\"Acreditamos que todos merecem um atendimento de qualidade e com pre\u00e7o que cabe no seu bolso! Fale conosco (43) 9608-7673.\" \/>\n<meta property=\"og:url\" content=\"https:\/\/vidaexames.com.br\/es\/quem-somos\/\" \/>\n<meta property=\"og:site_name\" content=\"Vida Exames\" \/>\n<meta property=\"article:modified_time\" content=\"2025-08-21T12:50:26+00:00\" \/>\n<meta property=\"og:image\" content=\"https:\/\/vidaexames.com.br\/wp-content\/uploads\/2023\/08\/doctor-laboratory-analyzes-samples-codiv-microscope.jpg\" \/>\n\t<meta property=\"og:image:width\" content=\"1500\" \/>\n\t<meta property=\"og:image:height\" content=\"1001\" \/>\n\t<meta property=\"og:image:type\" content=\"image\/jpeg\" \/>\n<meta name=\"twitter:card\" content=\"summary_large_image\" \/>\n<meta name=\"twitter:label1\" content=\"Est. reading time\" \/>\n\t<meta name=\"twitter:data1\" content=\"2 minutos\" \/>\n<script type=\"application\/ld+json\" class=\"yoast-schema-graph\">{\"@context\":\"https:\/\/schema.org\",\"@graph\":[{\"@type\":\"WebPage\",\"@id\":\"https:\/\/vidaexames.com.br\/quem-somos\/\",\"url\":\"https:\/\/vidaexames.com.br\/quem-somos\/\",\"name\":\"Quem somos | Vida Exames Laborat\u00f3rio de Exames e Vacinas\",\"isPartOf\":{\"@id\":\"https:\/\/vidaexames.com.br\/#website\"},\"primaryImageOfPage\":{\"@id\":\"https:\/\/vidaexames.com.br\/quem-somos\/#primaryimage\"},\"image\":{\"@id\":\"https:\/\/vidaexames.com.br\/quem-somos\/#primaryimage\"},\"thumbnailUrl\":\"https:\/\/vidaexames.com.br\/wp-content\/uploads\/2023\/08\/doctor-laboratory-analyzes-samples-codiv-microscope-1024x683.jpg\",\"datePublished\":\"2023-08-13T14:37:29+00:00\",\"dateModified\":\"2025-08-21T12:50:26+00:00\",\"description\":\"Acreditamos que todos merecem um atendimento de qualidade e com pre\u00e7o que cabe no seu bolso! Fale conosco (43) 9608-7673.\",\"breadcrumb\":{\"@id\":\"https:\/\/vidaexames.com.br\/quem-somos\/#breadcrumb\"},\"inLanguage\":\"es\",\"potentialAction\":[{\"@type\":\"ReadAction\",\"target\":[\"https:\/\/vidaexames.com.br\/quem-somos\/\"]}]},{\"@type\":\"ImageObject\",\"inLanguage\":\"es\",\"@id\":\"https:\/\/vidaexames.com.br\/quem-somos\/#primaryimage\",\"url\":\"https:\/\/vidaexames.com.br\/wp-content\/uploads\/2023\/08\/doctor-laboratory-analyzes-samples-codiv-microscope-1024x683.jpg\",\"contentUrl\":\"https:\/\/vidaexames.com.br\/wp-content\/uploads\/2023\/08\/doctor-laboratory-analyzes-samples-codiv-microscope-1024x683.jpg\"},{\"@type\":\"BreadcrumbList\",\"@id\":\"https:\/\/vidaexames.com.br\/quem-somos\/#breadcrumb\",\"itemListElement\":[{\"@type\":\"ListItem\",\"position\":1,\"name\":\"In\u00edcio\",\"item\":\"https:\/\/vidaexames.com.br\/\"},{\"@type\":\"ListItem\",\"position\":2,\"name\":\"Quem somos\"}]},{\"@type\":\"WebSite\",\"@id\":\"https:\/\/vidaexames.com.br\/#website\",\"url\":\"https:\/\/vidaexames.com.br\/\",\"name\":\"Vida Exames\",\"description\":\"Laborat\u00f3rio de Exames e Vacinas\",\"publisher\":{\"@id\":\"https:\/\/vidaexames.com.br\/#organization\"},\"potentialAction\":[{\"@type\":\"SearchAction\",\"target\":{\"@type\":\"EntryPoint\",\"urlTemplate\":\"https:\/\/vidaexames.com.br\/?s={search_term_string}\"},\"query-input\":{\"@type\":\"PropertyValueSpecification\",\"valueRequired\":true,\"valueName\":\"search_term_string\"}}],\"inLanguage\":\"es\"},{\"@type\":\"Organization\",\"@id\":\"https:\/\/vidaexames.com.br\/#organization\",\"name\":\"Laborat\u00f3rio Vida Exames\",\"url\":\"https:\/\/vidaexames.com.br\/\",\"logo\":{\"@type\":\"ImageObject\",\"inLanguage\":\"es\",\"@id\":\"https:\/\/vidaexames.com.br\/#\/schema\/logo\/image\/\",\"url\":\"https:\/\/vidaexames.com.br\/wp-content\/uploads\/2023\/07\/Logo.svg\",\"contentUrl\":\"https:\/\/vidaexames.com.br\/wp-content\/uploads\/2023\/07\/Logo.svg\",\"width\":168,\"height\":62,\"caption\":\"Laborat\u00f3rio Vida Exames\"},\"image\":{\"@id\":\"https:\/\/vidaexames.com.br\/#\/schema\/logo\/image\/\"}}]}<\/script>\n<!-- \/ Yoast SEO plugin. -->","yoast_head_json":{"title":"Quem somos | Vida Exames Laborat\u00f3rio de Exames e Vacinas","description":"Acreditamos que todos merecem um atendimento de qualidade e com pre\u00e7o que cabe no seu bolso! Fale conosco (43) 9608-7673.","robots":{"index":"index","follow":"follow","max-snippet":"max-snippet:-1","max-image-preview":"max-image-preview:large","max-video-preview":"max-video-preview:-1"},"canonical":"https:\/\/vidaexames.com.br\/es\/quem-somos\/","og_locale":"es_ES","og_type":"article","og_title":"Quem somos | Vida Exames Laborat\u00f3rio de Exames e Vacinas","og_description":"Acreditamos que todos merecem um atendimento de qualidade e com pre\u00e7o que cabe no seu bolso! Fale conosco (43) 9608-7673.","og_url":"https:\/\/vidaexames.com.br\/es\/quem-somos\/","og_site_name":"Vida Exames","article_modified_time":"2025-08-21T12:50:26+00:00","og_image":[{"width":1500,"height":1001,"url":"https:\/\/vidaexames.com.br\/wp-content\/uploads\/2023\/08\/doctor-laboratory-analyzes-samples-codiv-microscope.jpg","type":"image\/jpeg"}],"twitter_card":"summary_large_image","twitter_misc":{"Est. reading time":"2 minutos"},"schema":{"@context":"https:\/\/schema.org","@graph":[{"@type":"WebPage","@id":"https:\/\/vidaexames.com.br\/quem-somos\/","url":"https:\/\/vidaexames.com.br\/quem-somos\/","name":"Quem somos | Vida Exames Laborat\u00f3rio de Exames e Vacinas","isPartOf":{"@id":"https:\/\/vidaexames.com.br\/#website"},"primaryImageOfPage":{"@id":"https:\/\/vidaexames.com.br\/quem-somos\/#primaryimage"},"image":{"@id":"https:\/\/vidaexames.com.br\/quem-somos\/#primaryimage"},"thumbnailUrl":"https:\/\/vidaexames.com.br\/wp-content\/uploads\/2023\/08\/doctor-laboratory-analyzes-samples-codiv-microscope-1024x683.jpg","datePublished":"2023-08-13T14:37:29+00:00","dateModified":"2025-08-21T12:50:26+00:00","description":"Acreditamos que todos merecem um atendimento de qualidade e com pre\u00e7o que cabe no seu bolso! Fale conosco (43) 9608-7673.","breadcrumb":{"@id":"https:\/\/vidaexames.com.br\/quem-somos\/#breadcrumb"},"inLanguage":"es","potentialAction":[{"@type":"ReadAction","target":["https:\/\/vidaexames.com.br\/quem-somos\/"]}]},{"@type":"ImageObject","inLanguage":"es","@id":"https:\/\/vidaexames.com.br\/quem-somos\/#primaryimage","url":"https:\/\/vidaexames.com.br\/wp-content\/uploads\/2023\/08\/doctor-laboratory-analyzes-samples-codiv-microscope-1024x683.jpg","contentUrl":"https:\/\/vidaexames.com.br\/wp-content\/uploads\/2023\/08\/doctor-laboratory-analyzes-samples-codiv-microscope-1024x683.jpg"},{"@type":"BreadcrumbList","@id":"https:\/\/vidaexames.com.br\/quem-somos\/#breadcrumb","itemListElement":[{"@type":"ListItem","position":1,"name":"In\u00edcio","item":"https:\/\/vidaexames.com.br\/"},{"@type":"ListItem","position":2,"name":"Quem somos"}]},{"@type":"WebSite","@id":"https:\/\/vidaexames.com.br\/#website","url":"https:\/\/vidaexames.com.br\/","name":"Vida Exames","description":"Laborat\u00f3rio de Exames e Vacinas","publisher":{"@id":"https:\/\/vidaexames.com.br\/#organization"},"potentialAction":[{"@type":"SearchAction","target":{"@type":"EntryPoint","urlTemplate":"https:\/\/vidaexames.com.br\/?s={search_term_string}"},"query-input":{"@type":"PropertyValueSpecification","valueRequired":true,"valueName":"search_term_string"}}],"inLanguage":"es"},{"@type":"Organization","@id":"https:\/\/vidaexames.com.br\/#organization","name":"Laborat\u00f3rio Vida Exames","url":"https:\/\/vidaexames.com.br\/","logo":{"@type":"ImageObject","inLanguage":"es","@id":"https:\/\/vidaexames.com.br\/#\/schema\/logo\/image\/","url":"https:\/\/vidaexames.com.br\/wp-content\/uploads\/2023\/07\/Logo.svg","contentUrl":"https:\/\/vidaexames.com.br\/wp-content\/uploads\/2023\/07\/Logo.svg","width":168,"height":62,"caption":"Laborat\u00f3rio Vida Exames"},"image":{"@id":"https:\/\/vidaexames.com.br\/#\/schema\/logo\/image\/"}}]}},"_links":{"self":[{"href":"https:\/\/vidaexames.com.br\/es\/wp-json\/wp\/v2\/pages\/19","targetHints":{"allow":["GET"]}}],"collection":[{"href":"https:\/\/vidaexames.com.br\/es\/wp-json\/wp\/v2\/pages"}],"about":[{"href":"https:\/\/vidaexames.com.br\/es\/wp-json\/wp\/v2\/types\/page"}],"author":[{"embeddable":true,"href":"https:\/\/vidaexames.com.br\/es\/wp-json\/wp\/v2\/users\/1"}],"replies":[{"embeddable":true,"href":"https:\/\/vidaexames.com.br\/es\/wp-json\/wp\/v2\/comments?post=19"}],"version-history":[{"count":3,"href":"https:\/\/vidaexames.com.br\/es\/wp-json\/wp\/v2\/pages\/19\/revisions"}],"predecessor-version":[{"id":1338,"href":"https:\/\/vidaexames.com.br\/es\/wp-json\/wp\/v2\/pages\/19\/revisions\/1338"}],"wp:attachment":[{"href":"https:\/\/vidaexames.com.br\/es\/wp-json\/wp\/v2\/media?parent=19"}],"curies":[{"name":"wp","href":"https:\/\/api.w.org\/{rel}","templated":true}]}}